{"id":2002,"date":"2021-07-23T08:06:27","date_gmt":"2021-07-23T08:06:27","guid":{"rendered":"https:\/\/warmcave.com\/customer-complaint-form\/"},"modified":"2021-08-10T11:31:29","modified_gmt":"2021-08-10T11:31:29","slug":"formulaire-de-reclamation","status":"publish","type":"page","link":"https:\/\/redal.eu\/fr\/formulaire-de-reclamation\/","title":{"rendered":"Formulaire de r\u00e9clamation"},"content":{"rendered":"<div class=\"wpforms-container wpforms-container-full\" id=\"wpforms-1997\"><form id=\"wpforms-form-1997\" class=\"wpforms-validate wpforms-form\" data-formid=\"1997\" method=\"post\" enctype=\"multipart\/form-data\" action=\"\/fr\/wp-json\/wp\/v2\/pages\/2002?wpforms_form_id=1997\" data-token=\"473964f8fb1b95e4c21cdce13274f45c\"><noscript class=\"wpforms-error-noscript\">Veuillez activer JavaScript dans votre navigateur pour remplir ce formulaire.<\/noscript><div class=\"wpforms-field-container\"><div id=\"wpforms-1997-field_5-container\" class=\"wpforms-field wpforms-field-date-time\" data-field-id=\"5\"><label class=\"wpforms-field-label\" for=\"wpforms-1997-field_5\">Date de r\u00e9clamation <span class=\"wpforms-required-label\">*<\/span><\/label><div class=\"wpforms-datepicker-wrap\"><input type=\"text\" id=\"wpforms-1997-field_5\" class=\"wpforms-field-date-time-date wpforms-datepicker wpforms-field-required wpforms-field-small\" data-date-format=\"d\/m\/Y\" data-disable-past-dates=\"0\" data-input=\"true\" name=\"wpforms[fields][5][date]\" required><a title=\"Effacer la date\" data-clear class=\"wpforms-datepicker-clear\" style=\"display:none;\"><\/a><\/div><\/div><div id=\"wpforms-1997-field_6-container\" class=\"wpforms-field wpforms-field-text\" data-field-id=\"6\"><label class=\"wpforms-field-label\" for=\"wpforms-1997-field_6\">Le num\u00e9ro de commande <span class=\"wpforms-required-label\">*<\/span><\/label><input type=\"text\" id=\"wpforms-1997-field_6\" class=\"wpforms-field-small wpforms-field-required\" name=\"wpforms[fields][6]\" required><\/div><div id=\"wpforms-1997-field_7-container\" class=\"wpforms-field wpforms-field-text\" data-field-id=\"7\"><label class=\"wpforms-field-label\" for=\"wpforms-1997-field_7\">La soci\u00e9t\u00e9 <span class=\"wpforms-required-label\">*<\/span><\/label><input type=\"text\" id=\"wpforms-1997-field_7\" class=\"wpforms-field-small wpforms-field-required\" name=\"wpforms[fields][7]\" required><\/div><div id=\"wpforms-1997-field_8-container\" class=\"wpforms-field wpforms-field-text\" data-field-id=\"8\"><label class=\"wpforms-field-label\" for=\"wpforms-1997-field_8\">Le nom de personne qui rempli la r\u00e9clamation <span class=\"wpforms-required-label\">*<\/span><\/label><input type=\"text\" id=\"wpforms-1997-field_8\" class=\"wpforms-field-small wpforms-field-required\" name=\"wpforms[fields][8]\" required><\/div><div id=\"wpforms-1997-field_14-container\" class=\"wpforms-field wpforms-field-email\" data-field-id=\"14\"><label class=\"wpforms-field-label\" for=\"wpforms-1997-field_14\">E-mail <span class=\"wpforms-required-label\">*<\/span><\/label><input type=\"email\" id=\"wpforms-1997-field_14\" class=\"wpforms-field-small wpforms-field-required\" name=\"wpforms[fields][14]\" required><\/div><div id=\"wpforms-1997-field_10-container\" class=\"wpforms-field wpforms-field-payment-checkbox wpforms-list-inline\" data-field-id=\"10\"><label class=\"wpforms-field-label\" for=\"wpforms-1997-field_10\">Raison de r\u00e9clamation<\/label><ul id=\"wpforms-1997-field_10\"><li class=\"choice-1\"><input type=\"checkbox\" id=\"wpforms-1997-field_10_1\" class=\"wpforms-payment-price\" data-amount=\"0.00\" name=\"wpforms[fields][10][]\" value=\"1\"  ><label class=\"wpforms-field-label-inline\" for=\"wpforms-1997-field_10_1\">Emballage \/ palette endommag\u00e9s<\/label><\/li><li class=\"choice-2\"><input type=\"checkbox\" id=\"wpforms-1997-field_10_2\" class=\"wpforms-payment-price\" data-amount=\"0.00\" name=\"wpforms[fields][10][]\" value=\"2\"  ><label class=\"wpforms-field-label-inline\" for=\"wpforms-1997-field_10_2\">Palette inclin\u00e9e\/ charge inclin\u00e9e<\/label><\/li><li class=\"choice-3\"><input type=\"checkbox\" id=\"wpforms-1997-field_10_3\" class=\"wpforms-payment-price\" data-amount=\"0.00\" name=\"wpforms[fields][10][]\" value=\"3\"  ><label class=\"wpforms-field-label-inline\" for=\"wpforms-1997-field_10_3\">Humidit\u00e9 dans les granul\u00e9s \/ briquettes<\/label><\/li><li class=\"choice-4\"><input type=\"checkbox\" id=\"wpforms-1997-field_10_4\" class=\"wpforms-payment-price\" data-amount=\"0.00\" name=\"wpforms[fields][10][]\" value=\"4\"  ><label class=\"wpforms-field-label-inline\" for=\"wpforms-1997-field_10_4\">Les param\u00e8tres de qualit\u00e9 ne correspondent pas au certificat<\/label><\/li><li class=\"choice-5\"><input type=\"checkbox\" id=\"wpforms-1997-field_10_5\" class=\"wpforms-payment-price\" data-amount=\"0.00\" name=\"wpforms[fields][10][]\" value=\"5\"  ><label class=\"wpforms-field-label-inline\" for=\"wpforms-1997-field_10_5\">Autre<\/label><\/li><\/ul><\/div><div id=\"wpforms-1997-field_13-container\" class=\"wpforms-field wpforms-field-text\" data-field-id=\"13\"><label class=\"wpforms-field-label\" for=\"wpforms-1997-field_13\">La d\u00e9scription courte du probl\u00e8me et pertes detalis\u00e9es <span class=\"wpforms-required-label\">*<\/span><\/label><input type=\"text\" id=\"wpforms-1997-field_13\" class=\"wpforms-field-small wpforms-field-required\" name=\"wpforms[fields][13]\" required><\/div><div id=\"wpforms-1997-field_11-container\" class=\"wpforms-field wpforms-field-textarea\" data-field-id=\"11\"><label class=\"wpforms-field-label\" for=\"wpforms-1997-field_11\">Une description br\u00e8ve du probl\u00e8me <span class=\"wpforms-required-label\">*<\/span><\/label><textarea id=\"wpforms-1997-field_11\" class=\"wpforms-field-small wpforms-field-required\" name=\"wpforms[fields][11]\" required><\/textarea><\/div><div id=\"wpforms-1997-field_16-container\" class=\"wpforms-field wpforms-field-radio wpforms-list-inline\" data-field-id=\"16\"><label class=\"wpforms-field-label\" for=\"wpforms-1997-field_16\">Num\u00e9ro de lot <span class=\"wpforms-required-label\">*<\/span><\/label><ul id=\"wpforms-1997-field_16\" class=\"wpforms-field-required\"><li class=\"choice-1 depth-1\"><input type=\"radio\" id=\"wpforms-1997-field_16_1\" name=\"wpforms[fields][16]\" value=\"Oui\" required ><label class=\"wpforms-field-label-inline\" for=\"wpforms-1997-field_16_1\">Oui<\/label><\/li><li class=\"choice-2 depth-1\"><input type=\"radio\" id=\"wpforms-1997-field_16_2\" name=\"wpforms[fields][16]\" value=\"Non\" required ><label class=\"wpforms-field-label-inline\" for=\"wpforms-1997-field_16_2\">Non<\/label><\/li><\/ul><div class=\"wpforms-field-description\">Regardez une \u00e9tiquette sur palette<\/div><\/div><div id=\"wpforms-1997-field_17-container\" class=\"wpforms-field wpforms-field-date-time\" data-field-id=\"17\"><label class=\"wpforms-field-label\" for=\"wpforms-1997-field_17\">Date de lot<\/label><div class=\"wpforms-datepicker-wrap\"><input type=\"text\" id=\"wpforms-1997-field_17\" class=\"wpforms-field-date-time-date wpforms-datepicker wpforms-field-medium\" data-date-format=\"d\/m\/Y\" data-disable-past-dates=\"0\" data-input=\"true\" name=\"wpforms[fields][17][date]\" ><a title=\"Effacer la date\" data-clear class=\"wpforms-datepicker-clear\" style=\"display:none;\"><\/a><\/div><div class=\"wpforms-field-description\"> Regardez une \u00e9tiquette sur palette<\/div><\/div><div id=\"wpforms-1997-field_15-container\" class=\"wpforms-field wpforms-field-file-upload\" data-field-id=\"15\"><label class=\"wpforms-field-label\" for=\"wpforms-1997-field_15\">CMR avec probl\u00e8me marqu\u00e9 <span class=\"wpforms-required-label\">*<\/span><\/label><input type=\"file\" id=\"wpforms-1997-field_15\" class=\"wpforms-field-required\" data-rule-extension=\"jpg,jpeg,jpe,gif,png,bmp,tiff,tif,webp,avif,ico,heic,heif,heics,heifs,asf,asx,wmv,wmx,wm,avi,divx,mov,qt,mpeg,mpg,mpe,mp4,m4v,ogv,webm,mkv,3gp,3gpp,3g2,3gp2,txt,asc,c,cc,h,srt,csv,tsv,ics,rtx,css,vtt,mp3,m4a,m4b,aac,ra,ram,wav,ogg,oga,flac,mid,midi,wma,wax,mka,rtf,pdf,class,tar,zip,gz,gzip,rar,7z,psd,xcf,doc,pot,pps,ppt,wri,xla,xls,xlt,xlw,mpp,docx,docm,dotx,dotm,xlsx,xlsm,xlsb,xltx,xltm,xlam,pptx,pptm,ppsx,ppsm,potx,potm,ppam,sldx,sldm,onetoc,onetoc2,onepkg,oxps,xps,odt,odp,ods,odg,odc,odb,odf,wp,wpd,key,numbers,pages\" data-rule-maxsize=\"67108864\" name=\"wpforms_1997_15\" accept=\".jpg,.jpeg,.jpe,.gif,.png,.bmp,.tiff,.tif,.webp,.avif,.ico,.heic,.heif,.heics,.heifs,.asf,.asx,.wmv,.wmx,.wm,.avi,.divx,.mov,.qt,.mpeg,.mpg,.mpe,.mp4,.m4v,.ogv,.webm,.mkv,.3gp,.3gpp,.3g2,.3gp2,.txt,.asc,.c,.cc,.h,.srt,.csv,.tsv,.ics,.rtx,.css,.vtt,.mp3,.m4a,.m4b,.aac,.ra,.ram,.wav,.ogg,.oga,.flac,.mid,.midi,.wma,.wax,.mka,.rtf,.pdf,.class,.tar,.zip,.gz,.gzip,.rar,.7z,.psd,.xcf,.doc,.pot,.pps,.ppt,.wri,.xla,.xls,.xlt,.xlw,.mpp,.docx,.docm,.dotx,.dotm,.xlsx,.xlsm,.xlsb,.xltx,.xltm,.xlam,.pptx,.pptm,.ppsx,.ppsm,.potx,.potm,.ppam,.sldx,.sldm,.onetoc,.onetoc2,.onepkg,.oxps,.xps,.odt,.odp,.ods,.odg,.odc,.odb,.odf,.wp,.wpd,.key,.numbers,.pages\" required><\/div><div id=\"wpforms-1997-field_4-container\" class=\"wpforms-field wpforms-field-file-upload\" data-field-id=\"4\"><label class=\"wpforms-field-label\" for=\"wpforms-1997-field_4\">Chargement de fichiers (Photo\/vid\u00e9o) <span class=\"wpforms-required-label\">*<\/span><\/label><input type=\"file\" id=\"wpforms-1997-field_4\" class=\"wpforms-field-required\" data-rule-extension=\"jpg,jpeg,jpe,gif,png,bmp,tiff,tif,webp,avif,ico,heic,heif,heics,heifs,asf,asx,wmv,wmx,wm,avi,divx,mov,qt,mpeg,mpg,mpe,mp4,m4v,ogv,webm,mkv,3gp,3gpp,3g2,3gp2,txt,asc,c,cc,h,srt,csv,tsv,ics,rtx,css,vtt,mp3,m4a,m4b,aac,ra,ram,wav,ogg,oga,flac,mid,midi,wma,wax,mka,rtf,pdf,class,tar,zip,gz,gzip,rar,7z,psd,xcf,doc,pot,pps,ppt,wri,xla,xls,xlt,xlw,mpp,docx,docm,dotx,dotm,xlsx,xlsm,xlsb,xltx,xltm,xlam,pptx,pptm,ppsx,ppsm,potx,potm,ppam,sldx,sldm,onetoc,onetoc2,onepkg,oxps,xps,odt,odp,ods,odg,odc,odb,odf,wp,wpd,key,numbers,pages\" data-rule-maxsize=\"67108864\" name=\"wpforms_1997_4\" accept=\".jpg,.jpeg,.jpe,.gif,.png,.bmp,.tiff,.tif,.webp,.avif,.ico,.heic,.heif,.heics,.heifs,.asf,.asx,.wmv,.wmx,.wm,.avi,.divx,.mov,.qt,.mpeg,.mpg,.mpe,.mp4,.m4v,.ogv,.webm,.mkv,.3gp,.3gpp,.3g2,.3gp2,.txt,.asc,.c,.cc,.h,.srt,.csv,.tsv,.ics,.rtx,.css,.vtt,.mp3,.m4a,.m4b,.aac,.ra,.ram,.wav,.ogg,.oga,.flac,.mid,.midi,.wma,.wax,.mka,.rtf,.pdf,.class,.tar,.zip,.gz,.gzip,.rar,.7z,.psd,.xcf,.doc,.pot,.pps,.ppt,.wri,.xla,.xls,.xlt,.xlw,.mpp,.docx,.docm,.dotx,.dotm,.xlsx,.xlsm,.xlsb,.xltx,.xltm,.xlam,.pptx,.pptm,.ppsx,.ppsm,.potx,.potm,.ppam,.sldx,.sldm,.onetoc,.onetoc2,.onepkg,.oxps,.xps,.odt,.odp,.ods,.odg,.odc,.odb,.odf,.wp,.wpd,.key,.numbers,.pages\" required><\/div><\/div><div class=\"wpforms-submit-container\"><input type=\"hidden\" name=\"wpforms[id]\" value=\"1997\"><input type=\"hidden\" name=\"wpforms[author]\" value=\"1\"><button type=\"submit\" name=\"wpforms[submit]\" id=\"wpforms-submit-1997\" class=\"wpforms-submit\" data-alt-text=\"Sending...\" data-submit-text=\"Send\" aria-live=\"assertive\" value=\"wpforms-submit\">Send<\/button><\/div><\/form><\/div>  <!-- .wpforms-container -->\n","protected":false},"excerpt":{"rendered":"","protected":false},"author":1,"featured_media":0,"parent":0,"menu_order":0,"comment_status":"closed","ping_status":"closed","template":"","meta":{"_acf_changed":false,"footnotes":""},"class_list":["post-2002","page","type-page","status-publish","hentry"],"acf":[],"yoast_head":"<!-- This site is optimized with the Yoast SEO Premium plugin v18.1 (Yoast SEO v24.4) - https:\/\/yoast.com\/wordpress\/plugins\/seo\/ -->\n<title>Formulaire de r\u00e9clamation | WarmCave<\/title>\n<meta name=\"robots\" content=\"index, follow, max-snippet:-1, max-image-preview:large, max-video-preview:-1\" \/>\n<link rel=\"canonical\" href=\"https:\/\/redal.eu\/fr\/formulaire-de-reclamation\/\" \/>\n<meta property=\"og:locale\" content=\"fr_FR\" \/>\n<meta property=\"og:type\" content=\"article\" \/>\n<meta property=\"og:title\" content=\"Formulaire de r\u00e9clamation\" \/>\n<meta property=\"og:url\" content=\"https:\/\/redal.eu\/fr\/formulaire-de-reclamation\/\" \/>\n<meta property=\"og:site_name\" content=\"WarmCave\" \/>\n<meta property=\"article:publisher\" content=\"https:\/\/www.facebook.com\/redal.eu\" \/>\n<meta property=\"article:modified_time\" content=\"2021-08-10T11:31:29+00:00\" \/>\n<meta name=\"twitter:card\" content=\"summary_large_image\" \/>\n<script type=\"application\/ld+json\" class=\"yoast-schema-graph\">{\"@context\":\"https:\/\/schema.org\",\"@graph\":[{\"@type\":\"WebPage\",\"@id\":\"https:\/\/redal.eu\/fr\/formulaire-de-reclamation\/\",\"url\":\"https:\/\/redal.eu\/fr\/formulaire-de-reclamation\/\",\"name\":\"Formulaire de r\u00e9clamation | WarmCave\",\"isPartOf\":{\"@id\":\"https:\/\/redal.eu\/#website\"},\"datePublished\":\"2021-07-23T08:06:27+00:00\",\"dateModified\":\"2021-08-10T11:31:29+00:00\",\"breadcrumb\":{\"@id\":\"https:\/\/redal.eu\/fr\/formulaire-de-reclamation\/#breadcrumb\"},\"inLanguage\":\"fr-FR\",\"potentialAction\":[{\"@type\":\"ReadAction\",\"target\":[\"https:\/\/redal.eu\/fr\/formulaire-de-reclamation\/\"]}]},{\"@type\":\"BreadcrumbList\",\"@id\":\"https:\/\/redal.eu\/fr\/formulaire-de-reclamation\/#breadcrumb\",\"itemListElement\":[{\"@type\":\"ListItem\",\"position\":1,\"name\":\"Home\",\"item\":\"https:\/\/redal.eu\/fr\/\"},{\"@type\":\"ListItem\",\"position\":2,\"name\":\"Formulaire de r\u00e9clamation\"}]},{\"@type\":\"WebSite\",\"@id\":\"https:\/\/redal.eu\/#website\",\"url\":\"https:\/\/redal.eu\/\",\"name\":\"WarmCave\",\"description\":\"\",\"publisher\":{\"@id\":\"https:\/\/redal.eu\/#organization\"},\"potentialAction\":[{\"@type\":\"SearchAction\",\"target\":{\"@type\":\"EntryPoint\",\"urlTemplate\":\"https:\/\/redal.eu\/?s={search_term_string}\"},\"query-input\":{\"@type\":\"PropertyValueSpecification\",\"valueRequired\":true,\"valueName\":\"search_term_string\"}}],\"inLanguage\":\"fr-FR\"},{\"@type\":\"Organization\",\"@id\":\"https:\/\/redal.eu\/#organization\",\"name\":\"REDAL Ltd\",\"url\":\"https:\/\/redal.eu\/\",\"logo\":{\"@type\":\"ImageObject\",\"inLanguage\":\"fr-FR\",\"@id\":\"https:\/\/redal.eu\/#\/schema\/logo\/image\/\",\"url\":\"https:\/\/redal.eu\/wp-content\/uploads\/2021\/10\/redal-logo-pozityvas-4.png\",\"contentUrl\":\"https:\/\/redal.eu\/wp-content\/uploads\/2021\/10\/redal-logo-pozityvas-4.png\",\"width\":201,\"height\":64,\"caption\":\"REDAL Ltd\"},\"image\":{\"@id\":\"https:\/\/redal.eu\/#\/schema\/logo\/image\/\"},\"sameAs\":[\"https:\/\/www.facebook.com\/redal.eu\",\"https:\/\/www.linkedin.com\/company\/3842318\/admin\/\",\"https:\/\/www.youtube.com\/c\/RedalEu\"]}]}<\/script>\n<!-- \/ Yoast SEO Premium plugin. -->","yoast_head_json":{"title":"Formulaire de r\u00e9clamation | WarmCave","robots":{"index":"index","follow":"follow","max-snippet":"max-snippet:-1","max-image-preview":"max-image-preview:large","max-video-preview":"max-video-preview:-1"},"canonical":"https:\/\/redal.eu\/fr\/formulaire-de-reclamation\/","og_locale":"fr_FR","og_type":"article","og_title":"Formulaire de r\u00e9clamation","og_url":"https:\/\/redal.eu\/fr\/formulaire-de-reclamation\/","og_site_name":"WarmCave","article_publisher":"https:\/\/www.facebook.com\/redal.eu","article_modified_time":"2021-08-10T11:31:29+00:00","twitter_card":"summary_large_image","schema":{"@context":"https:\/\/schema.org","@graph":[{"@type":"WebPage","@id":"https:\/\/redal.eu\/fr\/formulaire-de-reclamation\/","url":"https:\/\/redal.eu\/fr\/formulaire-de-reclamation\/","name":"Formulaire de r\u00e9clamation | WarmCave","isPartOf":{"@id":"https:\/\/redal.eu\/#website"},"datePublished":"2021-07-23T08:06:27+00:00","dateModified":"2021-08-10T11:31:29+00:00","breadcrumb":{"@id":"https:\/\/redal.eu\/fr\/formulaire-de-reclamation\/#breadcrumb"},"inLanguage":"fr-FR","potentialAction":[{"@type":"ReadAction","target":["https:\/\/redal.eu\/fr\/formulaire-de-reclamation\/"]}]},{"@type":"BreadcrumbList","@id":"https:\/\/redal.eu\/fr\/formulaire-de-reclamation\/#breadcrumb","itemListElement":[{"@type":"ListItem","position":1,"name":"Home","item":"https:\/\/redal.eu\/fr\/"},{"@type":"ListItem","position":2,"name":"Formulaire de r\u00e9clamation"}]},{"@type":"WebSite","@id":"https:\/\/redal.eu\/#website","url":"https:\/\/redal.eu\/","name":"WarmCave","description":"","publisher":{"@id":"https:\/\/redal.eu\/#organization"},"potentialAction":[{"@type":"SearchAction","target":{"@type":"EntryPoint","urlTemplate":"https:\/\/redal.eu\/?s={search_term_string}"},"query-input":{"@type":"PropertyValueSpecification","valueRequired":true,"valueName":"search_term_string"}}],"inLanguage":"fr-FR"},{"@type":"Organization","@id":"https:\/\/redal.eu\/#organization","name":"REDAL Ltd","url":"https:\/\/redal.eu\/","logo":{"@type":"ImageObject","inLanguage":"fr-FR","@id":"https:\/\/redal.eu\/#\/schema\/logo\/image\/","url":"https:\/\/redal.eu\/wp-content\/uploads\/2021\/10\/redal-logo-pozityvas-4.png","contentUrl":"https:\/\/redal.eu\/wp-content\/uploads\/2021\/10\/redal-logo-pozityvas-4.png","width":201,"height":64,"caption":"REDAL Ltd"},"image":{"@id":"https:\/\/redal.eu\/#\/schema\/logo\/image\/"},"sameAs":["https:\/\/www.facebook.com\/redal.eu","https:\/\/www.linkedin.com\/company\/3842318\/admin\/","https:\/\/www.youtube.com\/c\/RedalEu"]}]}},"_links":{"self":[{"href":"https:\/\/redal.eu\/fr\/wp-json\/wp\/v2\/pages\/2002","targetHints":{"allow":["GET"]}}],"collection":[{"href":"https:\/\/redal.eu\/fr\/wp-json\/wp\/v2\/pages"}],"about":[{"href":"https:\/\/redal.eu\/fr\/wp-json\/wp\/v2\/types\/page"}],"author":[{"embeddable":true,"href":"https:\/\/redal.eu\/fr\/wp-json\/wp\/v2\/users\/1"}],"replies":[{"embeddable":true,"href":"https:\/\/redal.eu\/fr\/wp-json\/wp\/v2\/comments?post=2002"}],"version-history":[{"count":1,"href":"https:\/\/redal.eu\/fr\/wp-json\/wp\/v2\/pages\/2002\/revisions"}],"predecessor-version":[{"id":2005,"href":"https:\/\/redal.eu\/fr\/wp-json\/wp\/v2\/pages\/2002\/revisions\/2005"}],"wp:attachment":[{"href":"https:\/\/redal.eu\/fr\/wp-json\/wp\/v2\/media?parent=2002"}],"curies":[{"name":"wp","href":"https:\/\/api.w.org\/{rel}","templated":true}]}}